{"id":1583,"date":"2024-02-21T14:21:05","date_gmt":"2024-02-21T14:21:05","guid":{"rendered":"https:\/\/zulunayoga.com\/?post_type=product&#038;p=1583"},"modified":"2024-02-21T14:21:05","modified_gmt":"2024-02-21T14:21:05","slug":"curso-de-embarazo-posparto-conscientes-semilla-de-vida","status":"publish","type":"product","link":"https:\/\/zulunayoga.com\/es\/product\/curso-de-embarazo-posparto-conscientes-semilla-de-vida\/","title":{"rendered":"Curso de embarazo &#038; posparto conscientes &#8220;semilla de vida&#8221;"},"content":{"rendered":"<p>Te acompa\u00f1amos con yoga, meditaci\u00f3n &amp; m\u00e1s t\u00e9cnicas para vivir tu embarazo &amp; postparto en consciencia &amp; armonia desde la escucha profunda, el respeto &amp; el amor.<\/p>\n<p>Tu inscripci\u00f3n incluye:<\/p>\n<p>&#8211;\u00a0<strong data-redactor-tag=\"strong\">gu\u00eda informativa detallada sobre la evoluci\u00f3n de tu embarazo<\/strong>\u00a0por trimestre &amp; recomendaciones especificas para la pr\u00e1citca de yoga en cada per\u00edodo<\/p>\n<p><strong data-redactor-tag=\"strong\">&#8211; 12 pr\u00e1cticas de yoga guiadas pregrabadas<\/strong>\u00a0(tres por trimestre incluyendo el cuarto &#8211; postparto)<\/p>\n<p><strong data-redactor-tag=\"strong\">&#8211; 4 meditaciones guiadas pregrabadas,\u00a0<\/strong>una por trimestre<\/p>\n<p><strong data-redactor-tag=\"strong\">&#8211; gu\u00eda de nutrici\u00f3n<\/strong>\u00a0para tu embarazo &amp; postparto<\/p>\n<p><strong data-redactor-tag=\"strong\">&#8211; material de apoyo suplementario<\/strong>\u00a0sobre bienestar psicol\u00f3gico materno, porteo seguro &amp; preparaci\u00f3n para la lactancia materna, m\u00fasica, recomendaciones de libros, y m\u00e1s!<\/p>\n<p><strong data-redactor-tag=\"strong\">&#8211; acceso al curso por un a\u00f1o &amp; a nuestra comunidad virtual<\/strong><\/p>\n<p>m\u00e1s informaci\u00f3n a trav\u00e9s de este\u00a0<a href=\"https:\/\/tribu-semilla-s-school.teachable.com\/p\/semilla-de-vida\">link<\/a>! Para inscribirte, escr\u00edbenos: tribusemilladevida@gmail.com<\/p>","protected":false},"excerpt":{"rendered":"<p>Te acompa\u00f1amos con yoga, meditaci\u00f3n &amp; m\u00e1s t\u00e9cnicas para vivir tu embarazo &amp; postparto en consciencia &amp; armonia desde la escucha profunda, el respeto &amp; el amor.<\/p>\n<p>Tu inscripci\u00f3n incluye:<\/p>\n<p>&#8211;\u00a0<strong data-redactor-tag=\"strong\">gu\u00eda informativa detallada sobre la evoluci\u00f3n de tu embarazo<\/strong>\u00a0por trimestre &amp; recomendaciones especificas para la pr\u00e1citca de yoga en cada per\u00edodo<\/p>\n<p><strong data-redactor-tag=\"strong\">&#8211; 12 pr\u00e1cticas de yoga guiadas pregrabadas<\/strong>\u00a0(tres por trimestre incluyendo el cuarto &#8211; postparto)<\/p>\n<p><strong data-redactor-tag=\"strong\">&#8211; 4 meditaciones guiadas pregrabadas,\u00a0<\/strong>una por trimestre<\/p>\n<p><strong data-redactor-tag=\"strong\">&#8211; gu\u00eda de nutrici\u00f3n<\/strong>\u00a0para tu embarazo &amp; postparto<\/p>\n<p><strong data-redactor-tag=\"strong\">&#8211; material de apoyo suplementario<\/strong>\u00a0sobre bienestar psicol\u00f3gico materno, porteo seguro &amp; preparaci\u00f3n para la lactancia materna, m\u00fasica, recomendaciones de libros, y m\u00e1s!<\/p>\n<p><strong data-redactor-tag=\"strong\">&#8211; acceso al curso por un a\u00f1o &amp; a nuestra comunidad virtual<\/strong><\/p>\n<p>m\u00e1s informaci\u00f3n a trav\u00e9s de este\u00a0<a href=\"https:\/\/tribu-semilla-s-school.teachable.com\/p\/semilla-de-vida\">link<\/a>! Para inscribirte, escr\u00edbenos: tribusemilladevida@gmail.com<\/p>","protected":false},"featured_media":1374,"comment_status":"open","ping_status":"closed","template":"","meta":{"om_disable_all_campaigns":false,"site-sidebar-layout":"default","site-content-layout":"","ast-site-content-layout":"default","site-content-style":"default","site-sidebar-style":"default","ast-global-header-display":"","ast-banner-title-visibility":"","ast-main-header-display":"","ast-hfb-above-header-display":"","ast-hfb-below-header-display":"","ast-hfb-mobile-header-display":"","site-post-title":"","ast-breadcrumbs-content":"","ast-featured-img":"","footer-sml-layout":"","ast-disable-related-posts":"","theme-transparent-header-meta":"default","adv-header-id-meta":"","stick-header-meta":"","header-above-stick-meta":"","header-main-stick-meta":"","header-below-stick-meta":"","astra-migrate-meta-layouts":"set","ast-page-background-enabled":"default","ast-page-background-meta":{"desktop":{"background-color":"","background-image":"","background-repeat":"repeat","background-position":"center center","background-size":"auto","background-attachment":"scroll","background-type":"","background-media":"","overlay-type":"","overlay-color":"","overlay-opacity":"","overlay-gradient":""},"tablet":{"background-color":"","background-image":"","background-repeat":"repeat","background-position":"center center","background-size":"auto","background-attachment":"scroll","background-type":"","background-media":"","overlay-type":"","overlay-color":"","overlay-opacity":"","overlay-gradient":""},"mobile":{"background-color":"","background-image":"","background-repeat":"repeat","background-position":"center center","background-size":"auto","background-attachment":"scroll","background-type":"","background-media":"","overlay-type":"","overlay-color":"","overlay-opacity":"","overlay-gradient":""}},"ast-content-background-meta":{"desktop":{"background-color":"var(--ast-global-color-5)","background-image":"","background-repeat":"repeat","background-position":"center center","background-size":"auto","background-attachment":"scroll","background-type":"","background-media":"","overlay-type":"","overlay-color":"","overlay-opacity":"","overlay-gradient":""},"tablet":{"background-color":"var(--ast-global-color-5)","background-image":"","background-repeat":"repeat","background-position":"center center","background-size":"auto","background-attachment":"scroll","background-type":"","background-media":"","overlay-type":"","overlay-color":"","overlay-opacity":"","overlay-gradient":""},"mobile":{"background-color":"var(--ast-global-color-5)","background-image":"","background-repeat":"repeat","background-position":"center center","background-size":"auto","background-attachment":"scroll","background-type":"","background-media":"","overlay-type":"","overlay-color":"","overlay-opacity":"","overlay-gradient":""}}},"product_cat":[25],"product_tag":[],"class_list":{"0":"post-1583","1":"product","2":"type-product","3":"status-publish","4":"has-post-thumbnail","6":"product_cat-cursos","7":"desktop-align-left","8":"tablet-align-left","9":"mobile-align-left","11":"first","12":"instock","13":"shipping-taxable","14":"purchasable","15":"product-type-simple"},"yoast_head":"<!-- This site is optimized with the Yoast SEO plugin v27.5 - https:\/\/yoast.com\/product\/yoast-seo-wordpress\/ -->\n<title>Curso de embarazo &amp; posparto conscientes &quot;semilla de vida&quot; - ZulunaYoga<\/title>\n<meta name=\"robots\" content=\"index, follow, max-snippet:-1, max-image-preview:large, max-video-preview:-1\" \/>\n<link rel=\"canonical\" href=\"https:\/\/zulunayoga.com\/es\/producto\/curso-de-embarazo-posparto-conscientes-semilla-de-vida\/\" \/>\n<meta property=\"og:locale\" content=\"es_ES\" \/>\n<meta property=\"og:type\" content=\"article\" \/>\n<meta property=\"og:title\" content=\"Curso de embarazo &amp; posparto conscientes &quot;semilla de vida&quot; - ZulunaYoga\" \/>\n<meta property=\"og:description\" content=\"Te acompa\u00f1amos con yoga, meditaci\u00f3n &amp; m\u00e1s t\u00e9cnicas para vivir tu embarazo &amp; postparto en consciencia &amp; armonia desde la escucha profunda, el respeto &amp; el amor.  Tu inscripci\u00f3n incluye:  -\u00a0gu\u00eda informativa detallada sobre la evoluci\u00f3n de tu embarazo\u00a0por trimestre &amp; recomendaciones especificas para la pr\u00e1citca de yoga en cada per\u00edodo  - 12 pr\u00e1cticas de yoga guiadas pregrabadas\u00a0(tres por trimestre incluyendo el cuarto - postparto)  - 4 meditaciones guiadas pregrabadas,\u00a0una por trimestre  - gu\u00eda de nutrici\u00f3n\u00a0para tu embarazo &amp; postparto  - material de apoyo suplementario\u00a0sobre bienestar psicol\u00f3gico materno, porteo seguro &amp; preparaci\u00f3n para la lactancia materna, m\u00fasica, recomendaciones de libros, y m\u00e1s!  - acceso al curso por un a\u00f1o &amp; a nuestra comunidad virtual  m\u00e1s informaci\u00f3n a trav\u00e9s de este\u00a0link! Para inscribirte, escr\u00edbenos: tribusemilladevida@gmail.com\" \/>\n<meta property=\"og:url\" content=\"https:\/\/zulunayoga.com\/es\/producto\/curso-de-embarazo-posparto-conscientes-semilla-de-vida\/\" \/>\n<meta property=\"og:site_name\" content=\"ZulunaYoga\" \/>\n<meta property=\"og:image\" content=\"https:\/\/zulunayoga.com\/wp-content\/uploads\/2022\/06\/logotribusemilla.png\" \/>\n\t<meta property=\"og:image:width\" content=\"500\" \/>\n\t<meta property=\"og:image:height\" content=\"500\" \/>\n\t<meta property=\"og:image:type\" content=\"image\/png\" \/>\n<meta name=\"twitter:card\" content=\"summary_large_image\" \/>\n<meta name=\"twitter:label1\" content=\"Tiempo de lectura\" \/>\n\t<meta name=\"twitter:data1\" content=\"1 minuto\" \/>\n<script type=\"application\/ld+json\" class=\"yoast-schema-graph\">{\"@context\":\"https:\\\/\\\/schema.org\",\"@graph\":[{\"@type\":\"WebPage\",\"@id\":\"https:\\\/\\\/zulunayoga.com\\\/product\\\/curso-de-embarazo-posparto-conscientes-semilla-de-vida\\\/\",\"url\":\"https:\\\/\\\/zulunayoga.com\\\/product\\\/curso-de-embarazo-posparto-conscientes-semilla-de-vida\\\/\",\"name\":\"Curso de embarazo & posparto conscientes \\\"semilla de vida\\\" - ZulunaYoga\",\"isPartOf\":{\"@id\":\"https:\\\/\\\/zulunayoga.com\\\/#website\"},\"primaryImageOfPage\":{\"@id\":\"https:\\\/\\\/zulunayoga.com\\\/product\\\/curso-de-embarazo-posparto-conscientes-semilla-de-vida\\\/#primaryimage\"},\"image\":{\"@id\":\"https:\\\/\\\/zulunayoga.com\\\/product\\\/curso-de-embarazo-posparto-conscientes-semilla-de-vida\\\/#primaryimage\"},\"thumbnailUrl\":\"https:\\\/\\\/zulunayoga.com\\\/wp-content\\\/uploads\\\/2022\\\/06\\\/logotribusemilla.png\",\"datePublished\":\"2024-02-21T14:21:05+00:00\",\"breadcrumb\":{\"@id\":\"https:\\\/\\\/zulunayoga.com\\\/product\\\/curso-de-embarazo-posparto-conscientes-semilla-de-vida\\\/#breadcrumb\"},\"inLanguage\":\"es\",\"potentialAction\":[{\"@type\":\"ReadAction\",\"target\":[\"https:\\\/\\\/zulunayoga.com\\\/product\\\/curso-de-embarazo-posparto-conscientes-semilla-de-vida\\\/\"]}]},{\"@type\":\"ImageObject\",\"inLanguage\":\"es\",\"@id\":\"https:\\\/\\\/zulunayoga.com\\\/product\\\/curso-de-embarazo-posparto-conscientes-semilla-de-vida\\\/#primaryimage\",\"url\":\"https:\\\/\\\/zulunayoga.com\\\/wp-content\\\/uploads\\\/2022\\\/06\\\/logotribusemilla.png\",\"contentUrl\":\"https:\\\/\\\/zulunayoga.com\\\/wp-content\\\/uploads\\\/2022\\\/06\\\/logotribusemilla.png\",\"width\":500,\"height\":500},{\"@type\":\"BreadcrumbList\",\"@id\":\"https:\\\/\\\/zulunayoga.com\\\/product\\\/curso-de-embarazo-posparto-conscientes-semilla-de-vida\\\/#breadcrumb\",\"itemListElement\":[{\"@type\":\"ListItem\",\"position\":1,\"name\":\"Home\",\"item\":\"https:\\\/\\\/zulunayoga.com\\\/\"},{\"@type\":\"ListItem\",\"position\":2,\"name\":\"Products\",\"item\":\"https:\\\/\\\/zulunayoga.com\\\/shop\\\/\"},{\"@type\":\"ListItem\",\"position\":3,\"name\":\"Curso de embarazo &#038; posparto conscientes &#8220;semilla de vida&#8221;\"}]},{\"@type\":\"WebSite\",\"@id\":\"https:\\\/\\\/zulunayoga.com\\\/#website\",\"url\":\"https:\\\/\\\/zulunayoga.com\\\/\",\"name\":\"ZulunaYoga\",\"description\":\"Yoga Studio Website\",\"potentialAction\":[{\"@type\":\"SearchAction\",\"target\":{\"@type\":\"EntryPoint\",\"urlTemplate\":\"https:\\\/\\\/zulunayoga.com\\\/?s={search_term_string}\"},\"query-input\":{\"@type\":\"PropertyValueSpecification\",\"valueRequired\":true,\"valueName\":\"search_term_string\"}}],\"inLanguage\":\"es\"}]}<\/script>\n<!-- \/ Yoast SEO plugin. -->","yoast_head_json":{"title":"Curso de embarazo & posparto conscientes \"semilla de vida\" - ZulunaYoga","robots":{"index":"index","follow":"follow","max-snippet":"max-snippet:-1","max-image-preview":"max-image-preview:large","max-video-preview":"max-video-preview:-1"},"canonical":"https:\/\/zulunayoga.com\/es\/producto\/curso-de-embarazo-posparto-conscientes-semilla-de-vida\/","og_locale":"es_ES","og_type":"article","og_title":"Curso de embarazo & posparto conscientes \"semilla de vida\" - ZulunaYoga","og_description":"Te acompa\u00f1amos con yoga, meditaci\u00f3n &amp; m\u00e1s t\u00e9cnicas para vivir tu embarazo &amp; postparto en consciencia &amp; armonia desde la escucha profunda, el respeto &amp; el amor.  Tu inscripci\u00f3n incluye:  -\u00a0gu\u00eda informativa detallada sobre la evoluci\u00f3n de tu embarazo\u00a0por trimestre &amp; recomendaciones especificas para la pr\u00e1citca de yoga en cada per\u00edodo  - 12 pr\u00e1cticas de yoga guiadas pregrabadas\u00a0(tres por trimestre incluyendo el cuarto - postparto)  - 4 meditaciones guiadas pregrabadas,\u00a0una por trimestre  - gu\u00eda de nutrici\u00f3n\u00a0para tu embarazo &amp; postparto  - material de apoyo suplementario\u00a0sobre bienestar psicol\u00f3gico materno, porteo seguro &amp; preparaci\u00f3n para la lactancia materna, m\u00fasica, recomendaciones de libros, y m\u00e1s!  - acceso al curso por un a\u00f1o &amp; a nuestra comunidad virtual  m\u00e1s informaci\u00f3n a trav\u00e9s de este\u00a0link! Para inscribirte, escr\u00edbenos: tribusemilladevida@gmail.com","og_url":"https:\/\/zulunayoga.com\/es\/producto\/curso-de-embarazo-posparto-conscientes-semilla-de-vida\/","og_site_name":"ZulunaYoga","og_image":[{"width":500,"height":500,"url":"https:\/\/zulunayoga.com\/wp-content\/uploads\/2022\/06\/logotribusemilla.png","type":"image\/png"}],"twitter_card":"summary_large_image","twitter_misc":{"Tiempo de lectura":"1 minuto"},"schema":{"@context":"https:\/\/schema.org","@graph":[{"@type":"WebPage","@id":"https:\/\/zulunayoga.com\/product\/curso-de-embarazo-posparto-conscientes-semilla-de-vida\/","url":"https:\/\/zulunayoga.com\/product\/curso-de-embarazo-posparto-conscientes-semilla-de-vida\/","name":"Curso de embarazo & posparto conscientes \"semilla de vida\" - ZulunaYoga","isPartOf":{"@id":"https:\/\/zulunayoga.com\/#website"},"primaryImageOfPage":{"@id":"https:\/\/zulunayoga.com\/product\/curso-de-embarazo-posparto-conscientes-semilla-de-vida\/#primaryimage"},"image":{"@id":"https:\/\/zulunayoga.com\/product\/curso-de-embarazo-posparto-conscientes-semilla-de-vida\/#primaryimage"},"thumbnailUrl":"https:\/\/zulunayoga.com\/wp-content\/uploads\/2022\/06\/logotribusemilla.png","datePublished":"2024-02-21T14:21:05+00:00","breadcrumb":{"@id":"https:\/\/zulunayoga.com\/product\/curso-de-embarazo-posparto-conscientes-semilla-de-vida\/#breadcrumb"},"inLanguage":"es","potentialAction":[{"@type":"ReadAction","target":["https:\/\/zulunayoga.com\/product\/curso-de-embarazo-posparto-conscientes-semilla-de-vida\/"]}]},{"@type":"ImageObject","inLanguage":"es","@id":"https:\/\/zulunayoga.com\/product\/curso-de-embarazo-posparto-conscientes-semilla-de-vida\/#primaryimage","url":"https:\/\/zulunayoga.com\/wp-content\/uploads\/2022\/06\/logotribusemilla.png","contentUrl":"https:\/\/zulunayoga.com\/wp-content\/uploads\/2022\/06\/logotribusemilla.png","width":500,"height":500},{"@type":"BreadcrumbList","@id":"https:\/\/zulunayoga.com\/product\/curso-de-embarazo-posparto-conscientes-semilla-de-vida\/#breadcrumb","itemListElement":[{"@type":"ListItem","position":1,"name":"Home","item":"https:\/\/zulunayoga.com\/"},{"@type":"ListItem","position":2,"name":"Products","item":"https:\/\/zulunayoga.com\/shop\/"},{"@type":"ListItem","position":3,"name":"Curso de embarazo &#038; posparto conscientes &#8220;semilla de vida&#8221;"}]},{"@type":"WebSite","@id":"https:\/\/zulunayoga.com\/#website","url":"https:\/\/zulunayoga.com\/","name":"ZulunaYoga","description":"Yoga Studio Website","potentialAction":[{"@type":"SearchAction","target":{"@type":"EntryPoint","urlTemplate":"https:\/\/zulunayoga.com\/?s={search_term_string}"},"query-input":{"@type":"PropertyValueSpecification","valueRequired":true,"valueName":"search_term_string"}}],"inLanguage":"es"}]}},"jetpack_sharing_enabled":true,"_links":{"self":[{"href":"https:\/\/zulunayoga.com\/es\/wp-json\/wp\/v2\/product\/1583","targetHints":{"allow":["GET"]}}],"collection":[{"href":"https:\/\/zulunayoga.com\/es\/wp-json\/wp\/v2\/product"}],"about":[{"href":"https:\/\/zulunayoga.com\/es\/wp-json\/wp\/v2\/types\/product"}],"replies":[{"embeddable":true,"href":"https:\/\/zulunayoga.com\/es\/wp-json\/wp\/v2\/comments?post=1583"}],"wp:featuredmedia":[{"embeddable":true,"href":"https:\/\/zulunayoga.com\/es\/wp-json\/wp\/v2\/media\/1374"}],"wp:attachment":[{"href":"https:\/\/zulunayoga.com\/es\/wp-json\/wp\/v2\/media?parent=1583"}],"wp:term":[{"taxonomy":"product_cat","embeddable":true,"href":"https:\/\/zulunayoga.com\/es\/wp-json\/wp\/v2\/product_cat?post=1583"},{"taxonomy":"product_tag","embeddable":true,"href":"https:\/\/zulunayoga.com\/es\/wp-json\/wp\/v2\/product_tag?post=1583"}],"curies":[{"name":"wp","href":"https:\/\/api.w.org\/{rel}","templated":true}]}}