{"id":1594,"date":"2024-02-21T14:00:50","date_gmt":"2024-02-21T14:00:50","guid":{"rendered":"https:\/\/zulunayoga.com\/?post_type=product&#038;p=1594"},"modified":"2024-08-10T10:31:49","modified_gmt":"2024-08-10T10:31:49","slug":"strength-awareness-fuerza-consciencia","status":"publish","type":"product","link":"https:\/\/zulunayoga.com\/es\/product\/strength-awareness-fuerza-consciencia\/","title":{"rendered":"Strength &#038; Awareness &#8211; Fuerza &#038; Consciencia"},"content":{"rendered":"<p>(eng)\u00a0<strong data-redactor-tag=\"strong\">A 10 day commitment to ourselves, to dive deep within &amp; re-discover our inner strength<\/strong>\u00a0through awareness, breath &amp; mindful movement. Throughout these 10 days, I will be sharing my personal favorite yoga tools, what I incorporate in my practice to feel active &amp; stronger. When we re-connect to the strength within, our confidence boosts, our energy increases &amp; we are unstoppable.\u00a0<em data-redactor-tag=\"em\"><strong data-redactor-tag=\"strong\">When you sign up to this course, you will have access for 2 weeks to enjoy the program.<\/strong><\/em><\/p>\n<p>(esp)<strong data-redactor-tag=\"strong\">\u00a0Un compromiso de 10 d\u00edas con nosotr@s mism@s, para explorar nuestro interior y re-descubrir nuestra fuerza<\/strong>\u00a0a trav\u00e9s de la conciencia, la respiraci\u00f3n y el movimiento consciente. A lo largo de estos 10 d\u00edas, compartir\u00e9 mis herramientas de yoga favoritas, lo que incorporo en mi pr\u00e1ctica para sentirme activa y m\u00e1s fuerte. Cuando nos re-conectamos con la fuerza interior, nuestra confianza aumenta, nuestra energ\u00eda se incrementa y somos imparables.\u00a0<strong data-redactor-tag=\"strong\">Cuando te apuntas a este curso, tendr\u00e1s acceso durante 2 semanas para disfrutar del programa.<\/strong><\/p>\n<p>more info: click this\u00a0<a href=\"https:\/\/zuluna-yoga-online.teachable.com\/p\/10-day-challenge-strength-awareness-reto-de-10-dias-fuerza-consciencia\">link<\/a>\u00a0m\u00e1s info: click en este\u00a0<a href=\"https:\/\/zuluna-yoga-online.teachable.com\/p\/10-day-challenge-strength-awareness-reto-de-10-dias-fuerza-consciencia\">link<\/a>\u00a0o escr\u00edbeme a: zulunayoga@gmail.com<\/p>","protected":false},"excerpt":{"rendered":"<p>(eng)\u00a0A 10 day commitment to ourselves, to dive deep within &amp; re-discover our inner strength\u00a0through awareness, breath &amp; mindful movement. Throughout these 10 days, I will be sharing my personal favorite yoga tools, what I incorporate in my practice to feel active &amp; stronger. When we re-connect to the strength within, our confidence boosts, our [&hellip;]<\/p>\n","protected":false},"featured_media":1382,"comment_status":"open","ping_status":"closed","template":"","meta":{"om_disable_all_campaigns":false,"site-sidebar-layout":"default","site-content-layout":"","ast-site-content-layout":"default","site-content-style":"default","site-sidebar-style":"default","ast-global-header-display":"","ast-banner-title-visibility":"","ast-main-header-display":"","ast-hfb-above-header-display":"","ast-hfb-below-header-display":"","ast-hfb-mobile-header-display":"","site-post-title":"","ast-breadcrumbs-content":"","ast-featured-img":"","footer-sml-layout":"","ast-disable-related-posts":"","theme-transparent-header-meta":"default","adv-header-id-meta":"","stick-header-meta":"","header-above-stick-meta":"","header-main-stick-meta":"","header-below-stick-meta":"","astra-migrate-meta-layouts":"set","ast-page-background-enabled":"default","ast-page-background-meta":{"desktop":{"background-color":"","background-image":"","background-repeat":"repeat","background-position":"center center","background-size":"auto","background-attachment":"scroll","background-type":"","background-media":"","overlay-type":"","overlay-color":"","overlay-opacity":"","overlay-gradient":""},"tablet":{"background-color":"","background-image":"","background-repeat":"repeat","background-position":"center center","background-size":"auto","background-attachment":"scroll","background-type":"","background-media":"","overlay-type":"","overlay-color":"","overlay-opacity":"","overlay-gradient":""},"mobile":{"background-color":"","background-image":"","background-repeat":"repeat","background-position":"center center","background-size":"auto","background-attachment":"scroll","background-type":"","background-media":"","overlay-type":"","overlay-color":"","overlay-opacity":"","overlay-gradient":""}},"ast-content-background-meta":{"desktop":{"background-color":"var(--ast-global-color-5)","background-image":"","background-repeat":"repeat","background-position":"center center","background-size":"auto","background-attachment":"scroll","background-type":"","background-media":"","overlay-type":"","overlay-color":"","overlay-opacity":"","overlay-gradient":""},"tablet":{"background-color":"var(--ast-global-color-5)","background-image":"","background-repeat":"repeat","background-position":"center center","background-size":"auto","background-attachment":"scroll","background-type":"","background-media":"","overlay-type":"","overlay-color":"","overlay-opacity":"","overlay-gradient":""},"mobile":{"background-color":"var(--ast-global-color-5)","background-image":"","background-repeat":"repeat","background-position":"center center","background-size":"auto","background-attachment":"scroll","background-type":"","background-media":"","overlay-type":"","overlay-color":"","overlay-opacity":"","overlay-gradient":""}}},"product_cat":[26],"product_tag":[],"class_list":{"0":"post-1594","1":"product","2":"type-product","3":"status-publish","4":"has-post-thumbnail","6":"product_cat-gift-certificates","7":"desktop-align-left","8":"tablet-align-left","9":"mobile-align-left","11":"first","12":"instock","13":"shipping-taxable","14":"purchasable","15":"product-type-simple"},"yoast_head":"<!-- This site is optimized with the Yoast SEO plugin v27.5 - https:\/\/yoast.com\/product\/yoast-seo-wordpress\/ -->\n<title>Strength &amp; Awareness - Fuerza &amp; Consciencia - ZulunaYoga<\/title>\n<meta name=\"robots\" content=\"index, follow, max-snippet:-1, max-image-preview:large, max-video-preview:-1\" \/>\n<link rel=\"canonical\" href=\"https:\/\/zulunayoga.com\/es\/producto\/strength-awareness-fuerza-consciencia\/\" \/>\n<meta property=\"og:locale\" content=\"es_ES\" \/>\n<meta property=\"og:type\" content=\"article\" \/>\n<meta property=\"og:title\" content=\"Strength &amp; Awareness - Fuerza &amp; Consciencia - ZulunaYoga\" \/>\n<meta property=\"og:description\" content=\"(eng)\u00a0A 10 day commitment to ourselves, to dive deep within &amp; re-discover our inner strength\u00a0through awareness, breath &amp; mindful movement. Throughout these 10 days, I will be sharing my personal favorite yoga tools, what I incorporate in my practice to feel active &amp; stronger. When we re-connect to the strength within, our confidence boosts, our [&hellip;]\" \/>\n<meta property=\"og:url\" content=\"https:\/\/zulunayoga.com\/es\/producto\/strength-awareness-fuerza-consciencia\/\" \/>\n<meta property=\"og:site_name\" content=\"ZulunaYoga\" \/>\n<meta property=\"article:modified_time\" content=\"2024-08-10T10:31:49+00:00\" \/>\n<meta property=\"og:image\" content=\"https:\/\/zulunayoga.com\/wp-content\/uploads\/2022\/06\/Dark-Photo-Workout-Health-Facebook-Post-2-4-e1654174147462.png\" \/>\n\t<meta property=\"og:image:width\" content=\"940\" \/>\n\t<meta property=\"og:image:height\" content=\"622\" \/>\n\t<meta property=\"og:image:type\" content=\"image\/png\" \/>\n<meta name=\"twitter:card\" content=\"summary_large_image\" \/>\n<meta name=\"twitter:label1\" content=\"Tiempo de lectura\" \/>\n\t<meta name=\"twitter:data1\" content=\"1 minuto\" \/>\n<script type=\"application\/ld+json\" class=\"yoast-schema-graph\">{\"@context\":\"https:\\\/\\\/schema.org\",\"@graph\":[{\"@type\":\"WebPage\",\"@id\":\"https:\\\/\\\/zulunayoga.com\\\/product\\\/strength-awareness-fuerza-consciencia\\\/\",\"url\":\"https:\\\/\\\/zulunayoga.com\\\/product\\\/strength-awareness-fuerza-consciencia\\\/\",\"name\":\"Strength & Awareness - Fuerza & Consciencia - ZulunaYoga\",\"isPartOf\":{\"@id\":\"https:\\\/\\\/zulunayoga.com\\\/#website\"},\"primaryImageOfPage\":{\"@id\":\"https:\\\/\\\/zulunayoga.com\\\/product\\\/strength-awareness-fuerza-consciencia\\\/#primaryimage\"},\"image\":{\"@id\":\"https:\\\/\\\/zulunayoga.com\\\/product\\\/strength-awareness-fuerza-consciencia\\\/#primaryimage\"},\"thumbnailUrl\":\"https:\\\/\\\/zulunayoga.com\\\/wp-content\\\/uploads\\\/2022\\\/06\\\/Dark-Photo-Workout-Health-Facebook-Post-2-4-e1654174147462.png\",\"datePublished\":\"2024-02-21T14:00:50+00:00\",\"dateModified\":\"2024-08-10T10:31:49+00:00\",\"breadcrumb\":{\"@id\":\"https:\\\/\\\/zulunayoga.com\\\/product\\\/strength-awareness-fuerza-consciencia\\\/#breadcrumb\"},\"inLanguage\":\"es\",\"potentialAction\":[{\"@type\":\"ReadAction\",\"target\":[\"https:\\\/\\\/zulunayoga.com\\\/product\\\/strength-awareness-fuerza-consciencia\\\/\"]}]},{\"@type\":\"ImageObject\",\"inLanguage\":\"es\",\"@id\":\"https:\\\/\\\/zulunayoga.com\\\/product\\\/strength-awareness-fuerza-consciencia\\\/#primaryimage\",\"url\":\"https:\\\/\\\/zulunayoga.com\\\/wp-content\\\/uploads\\\/2022\\\/06\\\/Dark-Photo-Workout-Health-Facebook-Post-2-4-e1654174147462.png\",\"contentUrl\":\"https:\\\/\\\/zulunayoga.com\\\/wp-content\\\/uploads\\\/2022\\\/06\\\/Dark-Photo-Workout-Health-Facebook-Post-2-4-e1654174147462.png\",\"width\":940,\"height\":622,\"caption\":\"strength and awareness\"},{\"@type\":\"BreadcrumbList\",\"@id\":\"https:\\\/\\\/zulunayoga.com\\\/product\\\/strength-awareness-fuerza-consciencia\\\/#breadcrumb\",\"itemListElement\":[{\"@type\":\"ListItem\",\"position\":1,\"name\":\"Home\",\"item\":\"https:\\\/\\\/zulunayoga.com\\\/\"},{\"@type\":\"ListItem\",\"position\":2,\"name\":\"Products\",\"item\":\"https:\\\/\\\/zulunayoga.com\\\/shop\\\/\"},{\"@type\":\"ListItem\",\"position\":3,\"name\":\"Strength &#038; Awareness &#8211; Fuerza &#038; Consciencia\"}]},{\"@type\":\"WebSite\",\"@id\":\"https:\\\/\\\/zulunayoga.com\\\/#website\",\"url\":\"https:\\\/\\\/zulunayoga.com\\\/\",\"name\":\"ZulunaYoga\",\"description\":\"Yoga Studio Website\",\"potentialAction\":[{\"@type\":\"SearchAction\",\"target\":{\"@type\":\"EntryPoint\",\"urlTemplate\":\"https:\\\/\\\/zulunayoga.com\\\/?s={search_term_string}\"},\"query-input\":{\"@type\":\"PropertyValueSpecification\",\"valueRequired\":true,\"valueName\":\"search_term_string\"}}],\"inLanguage\":\"es\"}]}<\/script>\n<!-- \/ Yoast SEO plugin. -->","yoast_head_json":{"title":"Strength & Awareness - Fuerza & Consciencia - ZulunaYoga","robots":{"index":"index","follow":"follow","max-snippet":"max-snippet:-1","max-image-preview":"max-image-preview:large","max-video-preview":"max-video-preview:-1"},"canonical":"https:\/\/zulunayoga.com\/es\/producto\/strength-awareness-fuerza-consciencia\/","og_locale":"es_ES","og_type":"article","og_title":"Strength & Awareness - Fuerza & Consciencia - ZulunaYoga","og_description":"(eng)\u00a0A 10 day commitment to ourselves, to dive deep within &amp; re-discover our inner strength\u00a0through awareness, breath &amp; mindful movement. Throughout these 10 days, I will be sharing my personal favorite yoga tools, what I incorporate in my practice to feel active &amp; stronger. When we re-connect to the strength within, our confidence boosts, our [&hellip;]","og_url":"https:\/\/zulunayoga.com\/es\/producto\/strength-awareness-fuerza-consciencia\/","og_site_name":"ZulunaYoga","article_modified_time":"2024-08-10T10:31:49+00:00","og_image":[{"width":940,"height":622,"url":"https:\/\/zulunayoga.com\/wp-content\/uploads\/2022\/06\/Dark-Photo-Workout-Health-Facebook-Post-2-4-e1654174147462.png","type":"image\/png"}],"twitter_card":"summary_large_image","twitter_misc":{"Tiempo de lectura":"1 minuto"},"schema":{"@context":"https:\/\/schema.org","@graph":[{"@type":"WebPage","@id":"https:\/\/zulunayoga.com\/product\/strength-awareness-fuerza-consciencia\/","url":"https:\/\/zulunayoga.com\/product\/strength-awareness-fuerza-consciencia\/","name":"Strength & Awareness - Fuerza & Consciencia - ZulunaYoga","isPartOf":{"@id":"https:\/\/zulunayoga.com\/#website"},"primaryImageOfPage":{"@id":"https:\/\/zulunayoga.com\/product\/strength-awareness-fuerza-consciencia\/#primaryimage"},"image":{"@id":"https:\/\/zulunayoga.com\/product\/strength-awareness-fuerza-consciencia\/#primaryimage"},"thumbnailUrl":"https:\/\/zulunayoga.com\/wp-content\/uploads\/2022\/06\/Dark-Photo-Workout-Health-Facebook-Post-2-4-e1654174147462.png","datePublished":"2024-02-21T14:00:50+00:00","dateModified":"2024-08-10T10:31:49+00:00","breadcrumb":{"@id":"https:\/\/zulunayoga.com\/product\/strength-awareness-fuerza-consciencia\/#breadcrumb"},"inLanguage":"es","potentialAction":[{"@type":"ReadAction","target":["https:\/\/zulunayoga.com\/product\/strength-awareness-fuerza-consciencia\/"]}]},{"@type":"ImageObject","inLanguage":"es","@id":"https:\/\/zulunayoga.com\/product\/strength-awareness-fuerza-consciencia\/#primaryimage","url":"https:\/\/zulunayoga.com\/wp-content\/uploads\/2022\/06\/Dark-Photo-Workout-Health-Facebook-Post-2-4-e1654174147462.png","contentUrl":"https:\/\/zulunayoga.com\/wp-content\/uploads\/2022\/06\/Dark-Photo-Workout-Health-Facebook-Post-2-4-e1654174147462.png","width":940,"height":622,"caption":"strength and awareness"},{"@type":"BreadcrumbList","@id":"https:\/\/zulunayoga.com\/product\/strength-awareness-fuerza-consciencia\/#breadcrumb","itemListElement":[{"@type":"ListItem","position":1,"name":"Home","item":"https:\/\/zulunayoga.com\/"},{"@type":"ListItem","position":2,"name":"Products","item":"https:\/\/zulunayoga.com\/shop\/"},{"@type":"ListItem","position":3,"name":"Strength &#038; Awareness &#8211; Fuerza &#038; Consciencia"}]},{"@type":"WebSite","@id":"https:\/\/zulunayoga.com\/#website","url":"https:\/\/zulunayoga.com\/","name":"ZulunaYoga","description":"Yoga Studio Website","potentialAction":[{"@type":"SearchAction","target":{"@type":"EntryPoint","urlTemplate":"https:\/\/zulunayoga.com\/?s={search_term_string}"},"query-input":{"@type":"PropertyValueSpecification","valueRequired":true,"valueName":"search_term_string"}}],"inLanguage":"es"}]}},"jetpack_sharing_enabled":true,"_links":{"self":[{"href":"https:\/\/zulunayoga.com\/es\/wp-json\/wp\/v2\/product\/1594","targetHints":{"allow":["GET"]}}],"collection":[{"href":"https:\/\/zulunayoga.com\/es\/wp-json\/wp\/v2\/product"}],"about":[{"href":"https:\/\/zulunayoga.com\/es\/wp-json\/wp\/v2\/types\/product"}],"replies":[{"embeddable":true,"href":"https:\/\/zulunayoga.com\/es\/wp-json\/wp\/v2\/comments?post=1594"}],"wp:featuredmedia":[{"embeddable":true,"href":"https:\/\/zulunayoga.com\/es\/wp-json\/wp\/v2\/media\/1382"}],"wp:attachment":[{"href":"https:\/\/zulunayoga.com\/es\/wp-json\/wp\/v2\/media?parent=1594"}],"wp:term":[{"taxonomy":"product_cat","embeddable":true,"href":"https:\/\/zulunayoga.com\/es\/wp-json\/wp\/v2\/product_cat?post=1594"},{"taxonomy":"product_tag","embeddable":true,"href":"https:\/\/zulunayoga.com\/es\/wp-json\/wp\/v2\/product_tag?post=1594"}],"curies":[{"name":"wp","href":"https:\/\/api.w.org\/{rel}","templated":true}]}}